{"id":3953,"date":"2024-03-12T17:35:35","date_gmt":"2024-03-12T17:35:35","guid":{"rendered":"https:\/\/smr.wecodeitout.com\/?page_id=3953"},"modified":"2024-07-22T20:47:54","modified_gmt":"2024-07-22T20:47:54","slug":"ensuring-compliance","status":"publish","type":"page","link":"https:\/\/smrexperts.com\/canada\/fr\/ensuring-compliance\/","title":{"rendered":"ASSURER LA CONFORMIT\u00c9"},"content":{"rendered":"<div data-elementor-type=\"wp-page\" data-elementor-id=\"3953\" class=\"elementor elementor-3953\" data-elementor-post-type=\"page\">\n\t\t\t\t\t\t<section class=\"elementor-section elementor-top-section elementor-element elementor-element-1f95e49 elementor-section-height-min-height elementor-section-full_width elementor-section-stretched elementor-section-content-middle elementor-section-height-default elementor-section-items-middle\" data-id=\"1f95e49\" data-element_type=\"section\" data-settings=\"{&quot;background_background&quot;:&quot;classic&quot;,&quot;stretch_section&quot;:&quot;section-stretched&quot;}\">\n\t\t\t\t\t\t\t<div class=\"elementor-background-overlay\"><\/div>\n\t\t\t\t\t\t\t<div class=\"elementor-container elementor-column-gap-default\">\n\t\t\t\t\t<div class=\"elementor-column elementor-col-100 elementor-top-column elementor-element elementor-element-5668844\" data-id=\"5668844\" data-element_type=\"column\">\n\t\t\t<div class=\"elementor-widget-wrap elementor-element-populated\">\n\t\t\t\t\t\t<section class=\"elementor-section elementor-inner-section elementor-element elementor-element-7112de6 elementor-section-boxed elementor-section-height-default elementor-section-height-default\" data-id=\"7112de6\" data-element_type=\"section\" data-settings=\"{&quot;background_background&quot;:&quot;classic&quot;}\">\n\t\t\t\t\t\t<div class=\"elementor-container elementor-column-gap-default\">\n\t\t\t\t\t<div class=\"elementor-column elementor-col-100 elementor-inner-column elementor-element elementor-element-f4fcbfe\" data-id=\"f4fcbfe\" data-element_type=\"column\" data-settings=\"{&quot;background_background&quot;:&quot;classic&quot;}\">\n\t\t\t<div class=\"elementor-widget-wrap elementor-element-populated\">\n\t\t\t\t\t<div class=\"elementor-background-overlay\"><\/div>\n\t\t\t\t\t\t<div class=\"elementor-element elementor-element-5deb1e2 elementor-invisible elementor-widget elementor-widget-heading\" data-id=\"5deb1e2\" data-element_type=\"widget\" data-settings=\"{&quot;_animation&quot;:&quot;fadeInDown&quot;}\" data-widget_type=\"heading.default\">\n\t\t\t\t<div class=\"elementor-widget-container\">\n\t\t\t<style>\/*! elementor - v3.23.0 - 25-07-2024 *\/\n.elementor-heading-title{padding:0;margin:0;line-height:1}.elementor-widget-heading .elementor-heading-title[class*=elementor-size-]>a{color:inherit;font-size:inherit;line-height:inherit}.elementor-widget-heading .elementor-heading-title.elementor-size-small{font-size:15px}.elementor-widget-heading .elementor-heading-title.elementor-size-medium{font-size:19px}.elementor-widget-heading .elementor-heading-title.elementor-size-large{font-size:29px}.elementor-widget-heading .elementor-heading-title.elementor-size-xl{font-size:39px}.elementor-widget-heading .elementor-heading-title.elementor-size-xxl{font-size:59px}<\/style><h1 class=\"elementor-heading-title elementor-size-default\">ASSURER LA CONFORMIT\u00c9<\/h1>\t\t<\/div>\n\t\t\t\t<\/div>\n\t\t\t\t\t<\/div>\n\t\t<\/div>\n\t\t\t\t\t<\/div>\n\t\t<\/section>\n\t\t\t\t\t<\/div>\n\t\t<\/div>\n\t\t\t\t\t<\/div>\n\t\t<\/section>\n\t\t\t\t<section class=\"elementor-section elementor-top-section elementor-element elementor-element-d67a820 elementor-section-boxed elementor-section-height-default elementor-section-height-default\" data-id=\"d67a820\" data-element_type=\"section\">\n\t\t\t\t\t\t<div class=\"elementor-container elementor-column-gap-default\">\n\t\t\t\t\t<div class=\"elementor-column elementor-col-100 elementor-top-column elementor-element elementor-element-d8c9654\" data-id=\"d8c9654\" data-element_type=\"column\">\n\t\t\t<div class=\"elementor-widget-wrap elementor-element-populated\">\n\t\t\t\t\t\t<div class=\"elementor-element elementor-element-00202ca elementor-widget elementor-widget-text-editor\" data-id=\"00202ca\" data-element_type=\"widget\" data-widget_type=\"text-editor.default\">\n\t\t\t\t<div class=\"elementor-widget-container\">\n\t\t\t<style>\/*! elementor - v3.23.0 - 25-07-2024 *\/\n.elementor-widget-text-editor.elementor-drop-cap-view-stacked .elementor-drop-cap{background-color:#69727d;color:#fff}.elementor-widget-text-editor.elementor-drop-cap-view-framed .elementor-drop-cap{color:#69727d;border:3px solid;background-color:transparent}.elementor-widget-text-editor:not(.elementor-drop-cap-view-default) .elementor-drop-cap{margin-top:8px}.elementor-widget-text-editor:not(.elementor-drop-cap-view-default) .elementor-drop-cap-letter{width:1em;height:1em}.elementor-widget-text-editor .elementor-drop-cap{float:left;text-align:center;line-height:1;font-size:50px}.elementor-widget-text-editor .elementor-drop-cap-letter{display:inline-block}<\/style>\t\t\t\t<div><h2>Garantir la Conformit\u00e9 : Maintenir les Normes L\u00e9gales chez SMR Experts<\/h2><p>Chez SMR Experts, nous accordons la priorit\u00e9 \u00e0 la conformit\u00e9 avec toutes les lois, r\u00e9glementations et normes de l'industrie applicables afin de maintenir les plus hauts niveaux d'int\u00e9grit\u00e9, d'\u00e9thique et de professionnalisme dans nos op\u00e9rations. Notre engagement envers la conformit\u00e9 s'\u00e9tend \u00e0 diff\u00e9rents domaines, notamment la s\u00e9curit\u00e9, les droits de l'homme, les r\u00e9glementations provinciales, les lois f\u00e9d\u00e9rales, et bien plus encore. <\/p><\/div><div><h2>Conformit\u00e9 en mati\u00e8re de s\u00e9curit\u00e9:<\/h2><p>Nous reconnaissons l'importance de prot\u00e9ger les informations sensibles et les actifs. C'est pourquoi nous mettons en place des mesures de s\u00e9curit\u00e9 robustes pour prot\u00e9ger la confidentialit\u00e9, l'int\u00e9grit\u00e9 et la disponibilit\u00e9 des donn\u00e9es. En adh\u00e9rant aux meilleures pratiques de l'industrie et aux cadres de conformit\u00e9, nous veillons \u00e0 ce que les informations de nos clients restent s\u00e9curis\u00e9es en tout temps.<\/p><\/div><div><h2>Conformit\u00e9 aux droits de l'homme:<\/h2><p>Le respect des droits de l'homme est fondamental pour notre \u00e9thique commerciale. Nous nous engageons \u00e0 promouvoir un environnement de travail diversifi\u00e9, inclusif et \u00e9quitable o\u00f9 toutes les personnes sont trait\u00e9es avec dignit\u00e9 et respect. Nos politiques et pratiques favorisent l'\u00e9galit\u00e9, la non-discrimination et le traitement \u00e9quitable des employ\u00e9s, des contractants et des parties prenantes.<\/p><div><h2>R\u00e9glementations provinciales et f\u00e9d\u00e9rales:<\/h2><p>De la Loi qu\u00e9b\u00e9coise 122 aux codes du b\u00e2timent f\u00e9d\u00e9raux, nous respectons toutes les r\u00e9glementations provinciales et f\u00e9d\u00e9rales pertinentes r\u00e9gissant notre industrie. En restant inform\u00e9s des mises \u00e0 jour l\u00e9gislatives et des changements r\u00e9glementaires, nous nous assurons que nos projets sont conformes aux derni\u00e8res normes et exigences, r\u00e9duisant ainsi les risques et les responsabilit\u00e9s juridiques.<\/p><\/div><div><h2>Pratiques commerciales \u00e9thiques:<\/h2><p>L'int\u00e9grit\u00e9 et la conduite \u00e9thique sont non n\u00e9gociables chez SMR Experts. Nous menons nos activit\u00e9s avec honn\u00eatet\u00e9, transparence et responsabilit\u00e9, en respectant les principes \u00e9thiques dans toutes nos interactions avec les clients, les fournisseurs, les employ\u00e9s et la communaut\u00e9. Nos normes \u00e9thiques guident nos processus de prise de d\u00e9cision et fa\u00e7onnent notre culture d'entreprise.<\/p><\/div><div><h2>Am\u00e9lioration continue<\/h2><p>La conformit\u00e9 n'est pas simplement une case \u00e0 cocher ; c'est un voyage continu d'am\u00e9lioration et de responsabilit\u00e9. Nous examinons et mettons r\u00e9guli\u00e8rement \u00e0 jour nos politiques, proc\u00e9dures et pratiques pour les aligner sur les exigences l\u00e9gales \u00e9volutives et les tendances de l'industrie. Gr\u00e2ce \u00e0 une formation, une \u00e9ducation et une \u00e9valuation continues, nous nous effor\u00e7ons d'am\u00e9liorer nos efforts de conformit\u00e9 et de garantir les normes les plus \u00e9lev\u00e9es en mati\u00e8re d'adh\u00e9sion r\u00e9glementaire.<\/p><p>Chez SMR Experts, la conformit\u00e9 n'est pas seulement une obligation l\u00e9gale ; c'est un pilier de nos valeurs d'entreprise. Nous nous engageons \u00e0 maintenir les normes l\u00e9gales, \u00e0 favoriser une culture de la conformit\u00e9 et \u00e0 fournir l'excellence dans tous les aspects de nos op\u00e9rations commerciales. Avec un d\u00e9vouement ind\u00e9fectible \u00e0 l'int\u00e9grit\u00e9 et au respect de la loi, nous gagnons la confiance et la satisfaction de nos clients tout en contribuant \u00e0 un avenir plus \u00e9thique et durable.<\/p><\/div><\/div>\t\t\t\t\t\t<\/div>\n\t\t\t\t<\/div>\n\t\t\t\t\t<\/div>\n\t\t<\/div>\n\t\t\t\t\t<\/div>\n\t\t<\/section>\n\t\t\t\t<\/div>","protected":false},"excerpt":{"rendered":"<p>Ensuring Compliance Upholding Legal Standards at SMR Experts At SMR Experts, we prioritize compliance with all applicable laws, regulations, and industry standards to uphold the highest levels of integrity, ethics, and professionalism in our operations. Our commitment to compliance extends across various domains, including security, human rights, provincial regulations, federal laws, and more. Security Compliance [&hellip;]<\/p>","protected":false},"author":2,"featured_media":0,"parent":0,"menu_order":0,"comment_status":"closed","ping_status":"closed","template":"elementor_header_footer","meta":{"footnotes":""},"class_list":["post-3953","page","type-page","status-publish","hentry"],"_links":{"self":[{"href":"https:\/\/smrexperts.com\/canada\/fr\/wp-json\/wp\/v2\/pages\/3953","targetHints":{"allow":["GET"]}}],"collection":[{"href":"https:\/\/smrexperts.com\/canada\/fr\/wp-json\/wp\/v2\/pages"}],"about":[{"href":"https:\/\/smrexperts.com\/canada\/fr\/wp-json\/wp\/v2\/types\/page"}],"author":[{"embeddable":true,"href":"https:\/\/smrexperts.com\/canada\/fr\/wp-json\/wp\/v2\/users\/2"}],"replies":[{"embeddable":true,"href":"https:\/\/smrexperts.com\/canada\/fr\/wp-json\/wp\/v2\/comments?post=3953"}],"version-history":[{"count":0,"href":"https:\/\/smrexperts.com\/canada\/fr\/wp-json\/wp\/v2\/pages\/3953\/revisions"}],"wp:attachment":[{"href":"https:\/\/smrexperts.com\/canada\/fr\/wp-json\/wp\/v2\/media?parent=3953"}],"curies":[{"name":"wp","href":"https:\/\/api.w.org\/{rel}","templated":true}]}}